{"id":309,"date":"2020-06-29T21:41:02","date_gmt":"2020-06-29T19:41:02","guid":{"rendered":"https:\/\/www.edific.be\/?page_id=309"},"modified":"2020-11-13T18:09:29","modified_gmt":"2020-11-13T17:09:29","slug":"a-propos-de-nous","status":"publish","type":"page","link":"https:\/\/www.edific.be\/fr\/a-propos-de-nous\/","title":{"rendered":"\u00c0 propos de nous"},"content":{"rendered":"\n<div class=\"growl-component-intro-with-visual\">\n\t\n<section class='growl-component-section growl-component-section--margin-150px '>\n\t\t\t\t<div class=\"growl-component-intro-with-visual__wrapper\">\n\t\t\t\t<div class=\"growl-component-intro-with-visual__photo\" style=\"background-image: url(https://cdn.edific.be/fr/https:\/\/cdn.edific.be\/wp-content\/uploads\/wie-is-bkms.jpg)\"><\/div>\n\t\t\t\t<div class=\"growl-component-intro-with-visual__intro\">\n\t\t\t\t\t<div class=\"growl-component-intro-with-visual__content\">\n\t\t\t\t\t\t<h1 class=\"growl-component-intro-with-visual__title\"><p><!--(figmeta)eyJmaWxlS2V5IjoiUmJ0MVZIS0NIREdsclR3Uk9yRmd1NyIsInBhc3RlSUQiOjQxNzIxMDkzMywiZGF0YVR5cGUiOiJzY2VuZSJ9Cg==(\/figmeta)--><!--(figma)ZmlnLWtpd2kBAAAAbRwAALVb+Z8kSVWPyKq+pmd3Z3aXU0RERETF2dlld0FEsrOyurK7qjI3M6t6ZkWK7Krs7typriorq3umV0REvG9FVFREvBCV+5bbAw8OOQQRRC7\/D7\/fiLx6euA39\/PZjhcvXn4j4sWLFy9e1KSdOE2j\/Tg8mcVC3LblOt1BEJp+KPBf123YA6tldjftAFXZC2y\/UjeUtN1tgK4FzmbXbIOqB+HVtg1iSRGDwCbWspJVyINg2\/EGvt12TX650nVDp3l1ELTcXrsx6Hmbvtng96sZOWi4XdbX8rpvN307aIF1LrDsrj0A22sNHurZ\/lUw16tM3\/baZJ43byQphnwFtCBDmsMhpg6Wb5uNgdtVYkJVdnwnZI+yOx3F3kGUxhCz0BTaHDGEOm5fkXInmYySyb5\/NKZM1+0+bPsuGoTbUO1E0Lq9iEYbLNFwrV7H7lIr0jK7fTMAZWz6bs8DUWv6Zody9Q3Xbdtmd+B6tm+GjtsFc6lvW6Hrg1qmLlGutB0Fu2q3244XkFzzIYRFUqtwzrc3e23TH3hu++qmAllHV92G3YBySrnzoX2FQ7otaDsWGbcHVzsbLlf0DqeLzrqKe2FjHE9GHcxKiLs8MwgGYQtwm1wN2IvfUTYgG6a\/bbMvo9Nrh45egxqHipFs9Hw21S237Ra1pbaz2QrVN8sBdK0oNTl80XAbmzbqq\/qTvLqGVfDbJrHPBW4zHCgM1NZbpt8oaucbTrNp+7aewW32FavdC7Q+b2\/1yLsjMMNeoeQLqhcQF9u9jtN1AydkF3d6UTJZ6MVcCdy2wwUWMLOGg9VEbxwqOLJgsVT6wOqCJAvq5mqAVyt4EOq4ahfVnY6pZrYEC9tyQCw7h9idwTAax1rp2F6+HVpK302H05NNp606CR21kjV7by8eZgOtO90uNm3QMhvuDhpFw3e9siqbLuwDC9htDDbaPY7L2DCt7dOsWhjfWFhqGyy7vrPp6J0ueh5ME6VsuzuKwBBCPYYAhtAeWKZH466XtUHT9S21dZYI2oiH03m0SKYTfJNvEPSMZYU6QUtM19m2SyMzukeHu\/G8N0kWKb7xTU5DeM4Vux2AkBgRtj\/1YljTSbqYVxYNiwm+YLsaruyY9AcG+shUWgssU02g3gRiY6C\/WMoqSno5WMyn12JznOxP8EEBJrBLHOW4pNsLM9LQwlY0A0o+P0xFrbYMHuqZPlmG6fvujjIhTqKmq\/ZDPacNn+Mrbdc11NY0YbcdeCjV64bdt9ksc1RjYzodx9HEncW5Zuu9rrZsjBGfBdj2oGXQ2wh9U9HGFWXwaqHVzFrTefLodLKIxvi8bTcpVFEcjEBtLWOrF8B7O2pFy6\/78XyRwGbJcz00VT7dcMPQ7YAyOtOjNLaO5ul0jsVp2E0TvgINwvLdACbq+KClfdWmzWJdUTNw+KiuPBNTge+wYBuo1z3lL5ZQWE4b1HIfW2A67yTzOdEL28L+U+srFYHtCDdhdzdDLr7RiNIDvcsMC84ULFGahlQ7UVtS3etugiW2PJulDPosDK\/RRFGzb8ym88XN1lezXKgAg85NTOSMHaeh+pc5o2Xn6m1HJ9OjxeY8GWmQujbIijrLARraPmvlN160WMTzCZog5XjKtuCwlOOSarGOFlM\/TpNHAV2oSA1HaaYYhywoGPTJOA7ibFJQuB+4mTsIbZPrKi3YhF5hnNM4lbsW3WcttDue65vqjIYxaxhoaREXKjrjVUHK3Cei62h4Ta9PMdgW\/NHDUJsagcRxEDpQL2gtrawR4mfUpnWlhazpEQYxz2TPqjiXLTRdU59tHaWLZO\/kW33hmZY9wAbVwYX+LFDaNpRLARPBROA8bA9Cd5C5c6hkAuPFztVaKfwGLN72oesB4zLUZc9XM92Aw0ZZs9quOv\/rDqcTVSDOu90BLFqJCbMJmEHodGz4KdRlx0VgN1BzMDStG2r4qsUjFnRdN+DUoNiSrqmAZRlSHiZB40Isp4a62vBN7og1tG3bV\/PPzqHad3V4sR7Oo0malGN8AvwnooxwAJ8ET5qdxaLhBLCKvg1SNhH9oTQQoiAMbPpuB5tXuaZahZX7pnqFp73QUoVTuKFlrxe0NC8DWyk5OdZqydJQayWjQDrHqFDzMqT1kpMjnS9ZGum2klEg3a4HimWAUA52xylmjnfhFFdDXjzFK1DvVD1l3Az0riovx7y7ytSQj6myCsTHYms61oBtqD0OxzzCe7OLHavi58fbUYrgWK8vIpGB1dtwLDQIAuUViRCrUjV4CuoIKRjOp+NxI5nr7QCMzL6+xbbH2PQWVd9iLy24E+IR9t4iRrt9xYNr01vPAgIPQFWTmz34HmmkuBWgM9ArQo6nOMUUiWhijJNE1udiTch9\/DF28acW4U9dHzb4+AZq8gR\/DB8sSJeM6\/hTO8CfukIKFtMZPhiSFqGQs6neDBAwOtFintwQcvnw0iXU5eGle1AYh5cuo6gd3kNm\/fAeMpcO7yFz2YvmcKPOZBTjO2P\/KBkJvwK6nsdNaDyOxkcxvpFHKoZ6PHwRtNSNDmMha3vRYTI+gbxM6aFBGABZpMN5MlugVqNsP5onET45OoznybCZ7B\/NoVr45Cz8F1hCR52Q0m031DUQtOrm9KfBLBrCQE596+Gwd7Ge2akiQ3Mji5hvAdDk4nKCVQTE07joKBrHI5yjWt\/q11Y0S7HPy09guSqGligGecXwbMSzHHoNjEFRYzhlmcrVLoGFyW6CXK7ge7neq8NCuIW\/iLpwZoJQ4wmUkrE4hZQDm1b7QCKAU66xGUcLpeD\/lR5CaDQJ67KnRLJRGJYXkF\/jaFCqAaJcyi6jy4HTZWSy4vqNLspVs+mzfa3RVdv4XLfX4ZDWcWMyUZ7HWcEp3dbQ5e0tXd6BqJzlBdNUgdpFS5d3+pYq7wp0\/W6\/r+50j+HGRPnYYEdd1x9nBTssH4\/FIf8JltXhuJ8Y6HP121pOQP6TeCKi\/HbX73J8T6ZSUH4HTgYu5VMaoQr2v7PZNjmPp3Y2fR5t3xXA1lA+bRvnJMrvbiKWQfn0li6\/p6X7fUao69\/7kC6f6eny+xjNovz+dnOD9R9wPVU+yw9V+YOe\/v6St92lnu5pw32gvIyS47zXD9us34eS9WebG34f5f3mRp\/1B1By3A\/2Nc5z+hgQyudutHe4Pj+EknLPQ0m5Hza3W5zH860tFaX\/iNVUG+EFlqfqptXzKbeBQ5J1C86NZaOp8e0mbmoomygvo9xEeS\/KFrplfw5K4m+19HzQ2ybH0265W7QbxDUqJOk6OIJRulveAw+i9La8B4nz0Jb3nEso\/S3v0n0og\/ZWh9+FbdeifA\/nAdel37EbvMzuoOQ4rnS2O+Rf7bZVSPJwt7cdovxRxBEc1wtRBih\/rA+Fo3yRF4TkD1CS\/2J\/22c98r0Wy12\/t8F1HwYdj\/KjUI8jDrsqIt3DMnH99vu45qM86Ov2pK\/n\/Uh\/W9nLtb4f+ijHKC+jPAwCeF4hJihZn6K8F+UM5X0ofxzls1HOUd6PMkX5AMoFSurpCOVzUB4HAXy2ENdREu8GSuKdoCTeoyiJ9xMoifcSlMT7SZTEeylK4v0USuK9TAbBZQL+tLT6aoQvJ0HInyFBzFeQIOjPkiDqz5Eg7M+TIO4vkCDwL5Ig8i+BUEP9ZRJE\/hUSRP5VEkT+NRJE\/nUSRP4NEkT+TRJE\/i0SRP5tEkR+JQg15t8hQeRXkSDy75Ig8u+RIPLvkyDyq0kQ+Q9IEPkPSRD5j0gQ+TUg7iXyH5Mg8mtJEPlPSBD5dSSI\/KckiPxnJIj85ySI\/BckiPyXJIj8ehD3EfmvSBD5DSSI\/NckiPw3JIj8tySI\/EYSRH4TCSK\/mQSR30KCyG8F8Wwiv40Ekd9OgsjvIEHkd5Ig8rtIEPndJIj8HhJEfi8JIv8dCSK\/D8T9RH4\/CSJ\/gASRP0iCyB8iQeQPkyDyR0gQ+e9JEPkfSBD5H0kQ+Z9APEDkj5Ig8j+TIPK\/kCDyv5Ig8r+RIPLHSBD54ySI\/AkSRP4kCSL\/O4gHifwpEkT+NAkif4YEkT9Lgsj\/QYLInyNB5M+TIPJ\/kiDyF0gQ+b9AKBf1RRJE\/hIJIv83CSJ\/mQSR\/4cEkb9CgshfJUHkr5Eg8tdJEPkb8uZrPkKrBY5rcUnIPMQyGFN2otmMQY409ubTQ4Zliyn+Ghvj6a6QcvdkEaeiJnV+QRg15JsPWJ8wIkP8NYoWkZJdQfSVjHG1sxg0mqNHcAEVcnXBvhHOpQfRaHo9BWkcJPsHuM0eILxDwDiKF1EyBlWPMeSUsQQCx2PcdmPkB0AvL+JDlS3STSvHyS4uZ0PSqyrpqbvNngqEce7\/t8shAqN5hLmtibXdOTEn6Bm1c2owwrio9Hy7kEMqAtGzMWUguWCcXTtO0mQXQZUUdRRZrvq8WEoRcKfiYbkM7Em6N50fiheKlUQp\/YZYVUR4gCB5wpEjbo8m4OHm4LAFjAuagbAOUSeWZkVcRL2anL0gzs2nuGdABCNZT9kA4vyeUp\/FwWar9qi4bca5NFWLeIm4PT6cPpJYQPGQ4IMSV+QdDBA7UGQDBiCMpWvxiYDB7IHbTiZxK6ZmAG+Q00j2Y+DWEMGjpsPKiaizsqMFlxCsIuWjwdaHBxFD53iewsRkUVMfOg12b6Sk3eN4jkxSHEZQJpyCrI1VekllMfpQMbLCY4wmxfEil\/bHJ7ODFOeKXB4Vmd0Up4pc0Z\/10SFY0N0qh1bM7mVSru1F4\/EuEiRNNKRiV547wCrPAX5tY3oDHbxCyvVWhSWM+i4yN6NUXMFdZj7GRPKLT+0gl0Nct4SnlGyUwliBNerQvC\/k9WS04I3MYNtVEDUShWLrrJnpEBcr1Fb2knm6sHJNYQpLsK5qfXmT0xfG8nB6eBhhYNmuLa9hfaG1ilFhM+9hokqP6OoseDQ6zjbEcqPQpTCMOS6WmLKUJZKh759Kk0btWFW68eL6dH4tH8IE9h6N0dlI9ZgP5Ozy0mMhb4hpSCozFb6Uwcnh7nScwaeqgn7hyDSdg6QEMHCr5OYKaPxNzAYbFIrNYXNnaBhqoeQMPEQUyOlg7hicAvTjvRjXWUzeWNtLxvE2LB9WmqpG1bOBLmlIrQi+ErdSDtUDVAafIgCR9dyzLo0TOJf5CccQToOjXd5mdyFGhlhIrtdsOsEy645WjiZ7Y6ZOJ5CpIq4maS9vikfwMGt61Fb+fSdKsXqZooY5V6PK2dHuOEkPAMZ+OdpwGsbRYbscHTsxbu4ke8+BXSm3d6eouL29vTReYDVr82iUHNFH1kv\/t4Si8H\/LId2eMkNnsjfFAii0LSFHR5ltYSN48F9TNjTi42SYZ7vzrAvDcpVulxYuSurqaCgeEjG8sKNe0x\/6uRvk1VZ\/bFk7A3UUy5s6wT5mBZEdljgzztk8xsScEbSX7CXYEFhjfKUxXwPXTpuDS\/GynRUSAM+DGIm6XAtkrfIUlyRdtBis5YmuGrJFmEcuWc+qhfBSxsjllztmt6euJCvZADbgsPbndENOmXRFL8WsmZPF67JOvzKBlr0MyTMAeg7Fl7hyOY1B\/hR5VtyczWK4C7VLjN2CrVD+AqosWVZuLt0IJ7DSoZJCcsLs48avkhoCObzsLVUGOyrNYNg4u+eLAEc2jDYVxmp6tLeHxBSMWZ18CuVZAkmsIgaai1p6vM8d0OUZiZVCFTEQjfCNMEnU3KMFHSsPI7Rj80Fx8PjuBHknKVYg0ZzOh3Ggnruwo66lYK9mY+lvZmDCcJqDrm1nqTyzvWNeDUDItjpo+PwB77HgCC8LGfH134DbKDZHbXJ0GGBbQRmpwBGRbSVEKanmBjRFON\/9I+zEeVZbGWa6XJ1xg+Jt5T6xtgnng0WoZZ3IAqo4jjxsdqzS9aT8scCqwDY+dUzgMQIeOeSImZrSVpC97SKP5bvb5BjZO33Nxpu2ygLUcetHwgzUUva2s6zdksKr+FLt8jNvBHOqONDc\/VIAKsfMuISYU0pO9gne6crMFr4pXXOWbd2ID2Bh0A\/w8IbXVkkaTAEvHYOdlo1N0HLajYHbxBsYm5E4Q+Jb\/9xBmvNh0WeE58PJvjnZh6IQZsKLVapGgveRuZ87vJo3PtpPJtm3M1WBFjBeHYVjoNf0ID3V5sfj6GgyPLjFB4cIM2HWIGHSam1A1vgTDpzMEzQY31CHIpZUlWG0j3V79uwA4YVYFoYiNPP+GfSZJ2RfJGqVqhZ4YMGFPieU79OsBycRtsy6WGKpWc8pDXY5I3XDc5GZvqaOhxVNafYPlYHwakbqhufhy+IsWCsquvGHh3ATCxDnFKGZz09p8n2EsSg160ewyYvQ+XxR0Y0vGMGUYOiwHRwl8rZKVQuYkXpt5OQw7NvLmm7eKB2WPWE4wsndcYapha1D+AW0X2CpWY1YeQjrtDu5eJarxW1+6aSudkaQvPMUQws1y+5drU0o9q4zTC28iSCtaph3V+tapFUJ+R6T07rJgYVE+\/NodkAjwWqsicfexNKCWwU3z56vicfdzNOi29xJDneLisYg+PjTHC3WPkywSu0EBUSegCKr6eZOqjxxdo1YE0+s1rVIdwFnHuL0u4a+IfJt1boWcQ+KXxRgMQChjosniifdiq8\/8VBDRyaulRPxJPHtlaoWeEhzrGgmniyeXFR0o6\/r6vcSTxHfUdZ0c8AhKqxWMQDxNPGUW7D1B2HR0s9\/3fB08Z1nmFq4R74FbyDuFk\/Nad3UZ7US0T9WfNdpjhbb2b35ZxxPFU+7madFrxxnfZcKhGK\/+yxXi1+F3x57rKfipfLpZU03PwxhaEqzIPA91boW+VHukOya9GLxjLKmm19Iy+5iY+O6+r05rZt+TE2VnvflUjwzr+i2F8Uqzk2RBpTfl9G6ZQDvO8LBpH7MAYsSzxTffxNLC75Y7\/Ygj1j+RsofOM3SchF7NpUDSrEDxf3iWac5Wmx3XMQSKZJ48gcrdS0x1JctTgKZUnGprOr2kTo\/cbqsiHsyUjfEpROxspDi8k0sLbjH9dmMp4fxYn6CLKG8t8rQMvt6iXImpe47zdJyB9j92S8onieSoqIbH1H1zH9gD1+r1rXIWLG8aMTjGCKH1boWmfBchNtXl7ppXtFtM32Bo3aQMhY\/XlZ1+3yPeZUO3HAjSZWzh1tOzzC18GKuF2rahNeSAmmkoqoFjvXCb2CEWqn595C+rgZugQtXp7aveIG4oZhbSM\/wVx0b4iTVMZEaZRlGvVKKR5NUcz19pSMsUH8CVPFB9d74khHeKo\/zFk6YN+WfrIr3dTiG0\/+l3DHZO6KFKGQ6aTNo5wTRx0+dasXwbyyOonFV4mUqQ5SJYM7DeUxXgRtmVeqnq1It2AJ2EXxFVeTlVRF3jjWGy5N4YaiwgzFO+Xj0cDyfoukV1aZu9kKrX4dHeIc425hZl9hD9uhsaxMHCIcuDvBkUWmGi0\/FI8gyVXhFXDrGYwbNDlN4q5S\/JOH5smsv4zjsRB9vGzPcJdUNNMBxuCgafqVsKM1G7UVsz1+VcIAIZqIxgwjM9tfk9FglPnA260VUIL+e5SkaMVSPR3P0jFX9Dcm8DYJIHLrTWTvew+qV0QH20m+eEvDpTW+S+K1SYmO6WEwPb4Hy2zfL3ArolaVQ2ZIwxsCLMybD\/fQ7N8uEOHpOi7yK2uIWwwxT2CI8ToSTgPvrd6W2bdivToFg\/0J3yvJfJeHgIZqtikpGvFriyafkhVgAZCZeXWE1yiTFH8g4Kn5W0kbaAHrG5aP8mUgXL0FDNejgcDpdMOOCz14rk8kBzIo513GgfTGW6zU5O1AOs2x4Xd4QYo+V7L\/M2bZyL2XD64sGdXSVDX+VN\/DcKNlvyNmV8TT5uxAOA+3vkUlaNEGnf4S6bsw5fyJTUkoP75R42lLV03b3QXmUJ5OghqpT+jM5xpkIHWV78MV4CcOX0KSr7699pBFg4Jlb+utsSQP2UVnO90qcspWm0lG+W+JNLElP+8g3yljpjUo1U1znSYD\/JkgG0z2EQRhVBgX2m8HuTie92QhHdgbxlmyYMDnYx1BJo1V42PDDkofTAFN4m0TCAoZ4kIxHGFYjOYZrYDrp7RXj8uDw4vkxMvnERRfvINAEq4hGpd4mFFyy+Lu7dfEu2r\/2Flki67USk04VSHEVfp+EipTnwLDwbQhx0cJ7Xdl9mBzGCCtgo++rSnYiVPC\/2lHvl6jkLZXN8AE5inFgTVQdtxcsGIIUfPChSgJIx26I5T4sb2lzG4Uk7O4jMspu4h+QeA6Etk4fXW0VA\/Uzw1jCSTbBTHFsoKom9waJN8PpsRpI7pZVw+sk3hCzBt7CFwDOBbBUH83byuE45ZzxYIv3xjMSZpkFe73EO6Q6ErKxreM5cgHz6mFx26dGvYL3SX3x54ygK\/kxPMrtw9mN3IkbNvUvblIxkx8v+Ht7pxo+UVnA4GB6NB4FhzhLTPVGRDP9pEwZT+jo4vl441TV8laRhU1Yw0\/pJgxOxetlw6d1w456pmiIz+iqDrVR\/6xSB5yKysL4eBmd6b2G1WUe4XN5Xfmbz8OAM29M8XW8liapdRkj\/UIuF4\/6mYLW8XKqFcSFKtIlH5Hyi4DB8GGW8+Boxq2ceSl6JpPHJR0v44cv6eFmURb2IyfVwLtrAZBmCN8E4MuyeMaB+vA8ey0+CefJ\/j428Cek+ArGH3Dnb8ISZpD\/arkhK4aTwujk1+TxFDvUPsbsvQM8LlI\/X4e1INHY+yYO8htloroCh5SRTgDFxIJJCkM3pLA2WSs+sVWzsZyUn4ZgY+vLCuvUHkdiq2iobPHa6WnXbzGTpdIWS2eyXIzFVJB49SvFipinYsYhRHHsGiWnOopTh269lCk7rIziljuCqd7MgyqYJtOpOUf71FVa9PiW7mHtrJs5V3Z4xoWvZypraNcslrbtqxuu6TM\/Knrd7a67g3wkfwCKRKRK9ssrG+4VpOpt0IYX3IeiFuw4odUaeOpndPXtciEMJhX5XIvksYQOFTfr62NYyhaGqC3XMPTbpIpKoXCjn8TXafV49xhGk+Mo5QmMcA3eDO96Qs5wYI0xn2PIYSKGqjdiTpTpp5r+aFOj1dU\/oiCU\/ncUzxBStyvQ9nSoFAb1GRV2gENWKZ2vqFduRrTGyfCawDvUCH4Sb5ewSn6vNVssiDQmmD3kswMP\/lEHDUaolQGXqddSyNpUU1kP8mC6SGfTRVY10uvRLKNrN3+s3I5Rn+paJvWtAGa50TvlZsra6j2YSJ7JvXjqd76ZHeptOMGFEwuGBzwd+ddhwPuxNtAlropavU\/DoA+V8j+LJGyaqxTvpavTXXR0jN2CZ\/S1UUyj6GrMc4hRsXGVilM4aLmutZerNYVXlsisnlZCCm8sb0NXc4x2XdyOSxeya5lMS+sC87vjFN+7hSLwuS8uLHKRHF4p+UtSXgwwOLhT5BEfOoqRSOCTAbYwZtLNFhsXAJxFeKwgQ+sy7cSLaEQIQ+7iKQPnQTzmeUl7gG47UDT0J4y7ORrsI1lVPbwnH+nxHD4pERFUyDrnm9e\/LCVeM4EtjuVyihM1GmcaXYmGQ8CJulhNGdAEsUo3oWUtr4fs9kFxLq9bOH+wCIr9XLE+g9boC5fEeUVmI+\/zJxqo4nBS5yv0rjv2opPxNBqBcUd6Sl8JBvoVKS9UJlKo5mtIRe8BqY+jDVPHfO9U6E7qUcHReHziHi3SZBTbk+EY1jDZx\/UX85DiLiXoQYXOCEtw9\/8BLREAAK1Yd3zO5xZ\/fr8neTNkILZEg4g9sof3dx7rFkXNUq3eSiJiRNW6RiOiSKgVe+\/iqr1qhRKhNjWr9qgVKxVCrfs9zyua\/nP\/uJ\/7frzOyTPO85xzvmc8r2GYQgqPe6NzxkvPsaLeq9GGEF5tYvsHtW\/SrGGTRo0T+7Yb2KZl3w8TBkQIH1FMGE7OWGEKJ8O5Ue+4Ab3iv+ovbIbrMCGEmygsigphCC1TlBdOpnOrmIR4\/6C\/VngwwUcTb4M3+DAfnHzk8OH8Lw8MFOMMw1UYhg8LMyoIJw\/nBokxcT0hy0W8k1ZolBDp\/P2bWE99j2Ki9HD8UYaHfIWfUU58ICqJQMMQ5pAG9esnFS1SJOnQwYM8Lfk\/KGSIyqKGmGSIyYaYYoiphphmiOmGWGiIJYax0hCreDeuI1YbRkR4bExwSHhYaHhcaEiX8NiQOnHxwV2jukRExYYFxUZ0CYrpGhMZGxMpzKDoECHWGLCMUZx3GxVZmVZ9u\/eK6TvYv0pi94Ru\/av+H9QSyV3i4pLPnjnDc\/+bTnXCwiPiguOiIiODgmJiIiNig+LD40PDoyLDosKDgyJDQ6OCo8K6dGGdIt7p5L1V8nYD7vZ07tA93r97P\/8GzVq0VX\/TKE2I76BRpEOjcaKUn1Yq1RC+nsJL46A45p1KiJIFFCzLKpqsor8oLyqIivmq\/jcPVoGcdLNq85j+vUWD3oldBHM1NVfN+NsFTY9Ax6cSPoHy3Z428QkDEmP6Orbl\/xFUaT68d8gQ4r8tCuQFTvm6OuOmo7bOF2ZavS\/GyJ7F1zR24mEX\/Cechc0D\/6CKXiIDecoJo8PqXHICUMxR4pRrwRnDNvRygA2hhZmOzQrOmLbkjKYewpCY2XCq4Iy0JU1vOJalpYpXZsEZp3fSnDCjAgrOONuGpvTIYGmpYl6ngjO2d9KcMbN7gJ6p5JhxsSVPb9hMGDYzNSX7YMEZV1uy+6pOwnAx00RokYIzbrZkcj8nDFczLeVt84Iz7rbkap28heFmptUb2FvPvLtBIdvQNuNnCFc3N9NgwzvcK8xhoSEhstjeOmcWUJerQyr1ydzesr7bBvcSE7s7Cefn7sKxON9L+euLDgso1WfFmwZHx7tEu4bV944MOJOE9QttAgFTyxhmpBjGcEN8a4gRhhgJVxoM1zRDIEWOMcQMQwASPsuNt\/h44\/vWeyncCQQcNsyjhjgGKNjcNyAyGnT+ve64xAhlhoZstJiRf5w8qpn4ules9MwwJX9d8tiaWipUbT7wzIocE6TMM4PGUJWgJiQ\/GDWWwv8ZTe29xtOfydVIljw\/gX5aUIY+jk2n5hFuJL1rTtYDx\/OmOFakZ06jJteiKa7wTC3DdG7\/kFiqtF95RB\/+GKI6RuWSy3Cc+\/b0c3Jc5K2m5uYDNsWMXOXrrplnVTyUvqJzey\/FV4yv661YmLnaN1qxeJnSw666T6pJ9cJITW9YiOTFF4R9vrRxnlIfjKpO8rv69RTfaG3j+nqL+XOzBC1Ezn+UoAqdC1GrfXuow4twTEqPRH3uxnm9NYUlhjuYL7c3VYgcYe7sH+Jgcl87qV63Cyk5fJpU9iveauZXptpWrriSew4Z6ouJRdW9QEPt8y+s5LklQv1x0pP36S3mFxMXE\/4QZrBrooPJd5M4aApjn38derXCUCYzmBXmnZcrLFAH836KGWEsm9MITqqmJDPkXlnBAjS1VICSFS9EQevy6tcldejii3KscGU6esRX2+eDUWWV\/Di2MPWxyqjeRaWm8Hi2xcyJvFOWXvH91zst3uJprrS0jNmzZlkstGqniUANTtlWbpTFxzLV92Cm1oaaegWOdmxhz7OMT26EOYRWDorUp5wdFOU4duTuaH0PpvpizPBN9Qq+Om+BQNIyWDkWytpi0KE+H8uU7yGuIZcFu47DKqnk87ZLNEPuW+hh0luSI3cfot+O5dHoEudp79M7JMcl3sa+36hap0e0bE4Wydbj82hhmbXEdGf\/KY6B6E2jKVk9JShJcmXOH8D2cGo09r6mJlykGVnJZlBqdmu62tKTGJ6wQWkdMQvL1IZPrln6uvcC11unW8TSgCkzLRTBFKpkG27N\/GqypvLbaUs0Y7+ylgPOAjwzaG7WQqtB533E4YywOEaHF+2zOkadptzXpy3J9weUrLZbL2sq\/T67qRlWjq1tcvT16zbJkiv2Z1PM760sQ1yFdj6WZCH7\/NfZHy\/fD\/0b2WWRT7dRoXMV68JtBMfskG6r5rKwHRNmTNAUJkvQDPsi2LWGXR494gF33bUjuwKvKZZ0GT7NgkAgJgYgKUmy1fiS8PRHxHTw3VTHwEcei+GHjtbsWdsISk2w7gX+AqAegXGukzy8yBmue0Ll1wXT0q9fkxy460sMSJXvXGFwgvrkxu8k4wp\/qhnvmsFYf5LkjqYeNHDXT6wAbXkyj8wJM45pRjLzx8nVwP0hZKztJD+5sQ8p6wABnfR6xS8kc19vos+7XIDP\/00+I66SNgBLzz9OGCIDhazihW1w4a8kNx\/4kVbmnIS31mkqG41dpZnia5ZTeuYZkrdOLNZLby6dQ71uXyDZM2Mq8HiFPM2xpLVd03g425SQnDSVcJJmDv6LHCtgab2lzdZyGrAyNbsIMHkGAeNODAk5tZQTjvwZWcBJK68H0jM3U9VO3kDgWpK\/VChL6\/v+m74pVosYZwBsfQicz26ANWaTvBfYh35uNkMD\/YecyXzKJOL8z8b7cvsYkshFAMpIoGcjBVwYTHLygwx6mdyDvpiYCbC1Jbm+7wEst3DSAQgv5xhIz3wKh2fS\/dZbLXlz6Q5E4UCLL1Vrg58lOTWi0tsBeAieUhegT2LnZRw90lxTWT2thGYY8ACuXeJsC1Fs3\/Lktf1khc8tpOZ2lo6PBp3jLZ8Ru61et7+xYA9LNo8YY5U8f8yC+TWV3xRboxlcWa+UjFzvmhuQr55YHGsyepMrzDbRKlvbT0cjSl4w\/BFv9evWWlP4I1EzADyydYoFw4yBHyZY55akU7sbSy3JdgSqkB5n07MqFy1Za8M8WPlPpMl5sKkX6QG\/zwJgixkauzhlMjBXD9gbDYR+RPLgv5Lp+pB2wF080PM5oY63oBdt46hjVCiSeU+HTz\/8sR\/Mb8LqQxm\/py2\/z0ayx60dTceRVr9j1FTeZg3ctYDk4n+EI82vJKbPqmQ4BjzNw6jHCRbjFPEzzkroegtxsAPJ\/DHJl8n3rJMVXnIAExe2d4lYKr4YU4DeEZYwH3Ftl0PVZkApD3DMohYRd8nMDxjxA1I0Wxt5U5jMcA00I8cswgXQBzxvu1czN5dewOZQhRyViwxYR6VmG+qnBag1FS+4qetDAtACeKLao17161ZElV9XVDFtNd7FMTA3S+jWIfd1LsmytT3V+r536M1pV1VrwyVCJnZSHKR5VV6hhzlEkisAI3TLk0vktgpWAdxUz4xNnM2VthuUVyN3f8dGUByfeuBUiwpIyz4KVcVCG+Kl693j5dzTJFgIjlfIKjn2OpduoiL0sssOXkcBF3Tj7ddoqvUHxbMGTQ3J6svJZAbQsMzuk1ZrBgkkUzOp2b\/o8iFRTBCFWfBaNmx124LXc1EUnGn2rBdY6UeyXtgbdjBapDcIKYQlM5cDUunOy7tUPW06ydJOZ\/V5V1uu1lSfy4zjKmwUk\/VmBhlrk2bYmwvLHCe5s\/8p+PsUcvMlR04rvuY2Zm\/qsrhx3iOCD3IAoJcoPDm4qxM7JYd6ZhRTbOEdTX2VZIGoNejLFmmqb\/Ce4VmRjm72csCHlFTsGJkMeGZg52TNcJr6OPYESU6k7M19\/un09vSvZG4r5wyxut1zgRdD1Z\/J7qq0U7jSSGB4rW1cRFMzoWugg6lk24PiCGmcnzgeOLMPvruf43IDsQ+OHllF39XfTfJ43kYAZSdxteSvbLt1F3TbBEWzdH0xpzeszq2fMNMzi2sGuPbRzKsVRdCuZEWj9hcG06hum61e6I831ZWMZ6DO3misB0\/Y0SEVwsAIO19+\/qPldnPxP6Yjl8xl809BmC3AfdPRWSziwjZB53SkUZhlKcnKQaPp8fJlsOcI7VX5MGkY6styoLWfpibb9T2DiwmTizaog9E24an3DJtc5KFXDbQx\/EaSXD7nJk1+kIQDbgMWvbk83KU9h2I0CnQ1WFjmEQpYLPqiHMeKnhm5xOn9fuvnVOfSSDL7WNEKzyMle92uqy4HhCM+LTxL4KqHSUp75taJBprCq5\/8xeCewqzWSf3F8FMCcazUmUFuijezISW\/CTbO80a7riCpKPvZUD4jBPv5JaPG2uf\/WFOTW0JmJKOaGRQGJGRBZgevmjCcj4KdaxE3\/tzSua2CeO7J+TymfAHdpONGf4W2ZvS1OVkwgzvV1gzUxCaoygWTdYfbcU6IMvNN\/J4RR9F0cAobubuMkpcDbiGXlVLfTruB8lFSSV42+G4JNfnBRU0lp1pmuCEaXaK00qlnesOyeFIxRP2URHaHcv6q5Pk1aJsqKF2G61wKQHJL1xSvqBTNDLnbFQUGK662bIGA88eDpi5cjBD2NKujWpXSaRB1mdv+0iiDXorp\/daujgEuGev7VsFDJY\/kb8ciqIPXA8hphbr2O8mzg7oT965ctYp8ep6Q8KeiwJ2G2t8TN2y6lux9egB3yQK69jCITqOUbifWGu0rIXQeoBwvRUOci15jGndtr2DQVPjoFYT\/0zHAzrs+JBd5yomL3H2csslK6XGRS6mFPvYIla19yc49082lZe1IM\/N107Hn0HBN0ZbYNRM5xoApx9p124puysLxdi64JnTh7E+6P+E2FGGIXt6b5PUhU63jeT7II4s1ldwKMcMdeuUgVwIoHlkBF17obfXCLnOWLw+zZ1rcBHJZkc+qdML9p1rP247QFGl\/qmYglEPZwrN+HZLuDmu173aHjELn9qKDMbT52BWSg5ibDabsAj3wekUfSui6n1gw1N6FFnECMLGBhirYMqHrMhrWY64uGzrZcA\/Pg43GJsJ0KwnvimZIRev4PQA4biHY0gNm34Um8I715faDhG5oi8Ve41fPtnLwenrmAPwS8RTeGoAwQ81mZm5WYcUrKl4AYHnLDzkV8Pp7bN15WVVB22LQJUi\/\/oYqPAdhbbw8ohB76Zrip4o1muGOftkc9A6RY66hGa6NdiGXaqQFKhMX0hEkfkI4sQ\/5FYvXqzMeKNWA\/FbsTyW5+evXLUjh9QUnhSjdAdVIC8f71huWjlDIdFX1UdGbmmiqe2dmuE3mlWjN5iAlhyh+B9QLg1CgDUFbRcFBKOPlOeAykTtK44eDTJ1U9AB+JlPcgHDBRme6BQB\/DH+sAb5hNgZ5k2u\/4TubMxTh0ZwOLB4ms3oaIiiLfxxJ4r5TZ9saaT+S5PS7cd5aVK7OSNTI9+TeARkqhcwBU0o5mJlfFUW9\/cHB6IaAmbjCW3UzoUve2UFVEekHcHA07nqcXdwcDd45tGad8Uy5TDJZDdABzSCaMOMhR9g4\/Y7mR0S\/boZC6M9ADnBBszQDTwMvx0DHqGKKyxmnEZSLiYhBP9gsDcf6O1LQzv4V8exLRF2rpPRjb\/OBQMVvF6b45aW8ZviHIE5W2lWMmxX7D6N7hYwOXqst5\/blkJNmWcN6IGvBVtafyWXwM9MATWH3Bpppd6OS9f3Xfgrl24EMYfCvFPyQRTHOtjAMFOdyvHG39wbN\/XY8MlyIz4IrCuPyl9BU+yK737bQfFRGaOVYAKumfI5mnNt\/7Fix2vczveXWiViHDGQivO+2oyZ9rVOFtiofy1TfgxmAT69AAHGX0BP5ao6dZSAA7Voo0lRdPgXt1A59LJbu4Hsw1Rdjhm+qV\/DVeQvromWwciyUtcVKPiWboxAvB4c9hPgP(\/figma)-->Qu\u2019est-ce que <strong>Edific<\/strong> ?<\/p>\n<\/h1>\n\t\t\t\t\t\t<p class=\"growl-component-intro-with-visual__description\">\n\t\t\t\t\t\t\tL\u2019entreprise du b\u00e2timent Edific BV est un entrepreneur g\u00e9n\u00e9ral reconnu, dont le si\u00e8ge se situe \u00e0 Anvers. Que ce soit pour un nouveau b\u00e2timent ou un projet de r\u00e9novation dans un style moderne ou classique, nous affectons les professionnels les plus adapt\u00e9s pour chaque projet, pour un r\u00e9sultat qualitatif.\r\nNous travaillons aussi bien sur des villas que des maisons de taille moyenne ou encore des appartements. Nous sommes \u00e9galement heureux de compter parmi nos chantiers des locaux commerciaux ou des bureaux. <\/p>\n\t\t\t\t\t<\/div>\n\t\t\t\t<\/div>\n\t\t\t<\/div>\n\t\t<\/section>\n<\/div>\n\n\n\n<div class=\"growl-component-content-with-visual\">\n\t\n<section class='growl-component-section growl-component-section--margin-150px '>\n\t\t\t\t<div class=\"growl-component-content-with-visual__wrapper  growl-component-content-with-visual__wrapper--reverse\">\n\t\t\t\t<div class=\"growl-component-content-with-visual__photo\" style=\"background-image: url(https://cdn.edific.be/fr/https:\/\/cdn.edific.be\/wp-content\/uploads\/Geschiedenis-FR.png)\"><\/div>\n\t\t\t\t<div class=\"growl-component-content-with-visual__content\">\n\t\t\t\t\t<div class=\"growl-component-content-with-visual__inside\">\n\t\t\t\t\t\t<h5 class=\"growl-component-content-with-visual__title\">Notre histoire<\/h5>\n\t\t\t\t\t\t<p class=\"growl-component-content-with-visual__description\">Edific a \u00e9t\u00e9 fond\u00e9e il y a 15 ans. En tant que professionnels de la construction, nous avons pu rapidement compter sur une poign\u00e9e de professionnels motiv\u00e9s.<br \/>\r\n<br \/>\r\nAu cours de ces ann\u00e9es, nous avons r\u00e9alis\u00e9 de nombreux projets de construction, qui nous ont chacun apport\u00e9 davantage de connaissances et d\u2019exp\u00e9rience. Cela fait de nous un partenaire de construction flexible et polyvalent.<br \/>\r\n<br \/>\r\nNotre entreprise compte aujourd\u2019hui d\u00e9j\u00e0 80 employ\u00e9s fid\u00e8les et fiables, et nous disposons d\u2019un gigantesque r\u00e9seau de clients et de ma\u00eetres d\u2019ouvrage satisfaits et qui refont r\u00e9guli\u00e8rement appel \u00e0 nous. Nous savons exactement quel professionnel enthousiaste affecter \u00e0 chaque projet.<\/p>\n\t\t\t\t\t\t\t\t\t\t\t<\/div>\n\t\t\t\t<\/div>\n\t\t\t<\/div>\n\t\t<\/section>\n<\/div>\n\n\n\n<div class=\"growl-component-content-with-visual\">\n\t\n<section class='growl-component-section growl-component-section--margin-150px '>\n\t\t\t\t<div class=\"growl-component-content-with-visual__wrapper  growl-component-content-with-visual__wrapper--reverse\">\n\t\t\t\t<div class=\"growl-component-content-with-visual__photo\" style=\"background-image: url(https://cdn.edific.be/fr/https:\/\/cdn.edific.be\/wp-content\/uploads\/industrie_bouw_SS_264060794-2.jpg)\"><\/div>\n\t\t\t\t<div class=\"growl-component-content-with-visual__content\">\n\t\t\t\t\t<div class=\"growl-component-content-with-visual__inside\">\n\t\t\t\t\t\t<h5 class=\"growl-component-content-with-visual__title\">Pour l&rsquo;industrie<\/h5>\n\t\t\t\t\t\t<p class=\"growl-component-content-with-visual__description\">Edific est votre partenaire de construction id\u00e9al dans le secteur industriel. Vous avez besoin d&rsquo;un b\u00e2timent commercial qui r\u00e9pond \u00e0 tous vos besoins et souhaits? Nous envoyons l&rsquo;\u00e9quipe parfaite de professionnels exp\u00e9riment\u00e9s pour, par exemple, la r\u00e9alisation de halls industriels, avec ou sans espace(s) de bureau. Avec un hall de production enti\u00e8rement adapt\u00e9 aux besoins de votre entreprise, votre productivit\u00e9 ne peut qu&rsquo;augmenter. Un b\u00e2timent logistique bien pens\u00e9, un entrep\u00f4t, un garage (voiture) ou une salle d&rsquo;exposition? Nous avons toute l&rsquo;expertise disponible pour offrir une solution pour chaque budget, avec diff\u00e9rents mat\u00e9riaux possibles.<\/p>\n\t\t\t\t\t\t\t\t\t\t\t<\/div>\n\t\t\t\t<\/div>\n\t\t\t<\/div>\n\t\t<\/section>\n<\/div>\n\n\n\n<div class=\"growl-component-content-with-visual\">\n\t\n<section class='growl-component-section growl-component-section--margin-150px '>\n\t\t\t\t<div class=\"growl-component-content-with-visual__wrapper  \">\n\t\t\t\t<div class=\"growl-component-content-with-visual__photo\" style=\"background-image: url(https://cdn.edific.be/fr/https:\/\/cdn.edific.be\/wp-content\/uploads\/philippe-2.jpg)\"><\/div>\n\t\t\t\t<div class=\"growl-component-content-with-visual__content\">\n\t\t\t\t\t<div class=\"growl-component-content-with-visual__inside\">\n\t\t\t\t\t\t<h5 class=\"growl-component-content-with-visual__title\">Philippe Abandonn\u00e9<\/h5>\n\t\t\t\t\t\t<p class=\"growl-component-content-with-visual__description\">Philippe Abandonn\u00e9 est le directeur commercial de Edific depuis 2008. Depuis sa plus tendre enfance, il nourrit une pr\u00e9dilection pour le secteur de la construction. En tant que directeur d\u2019entreprise, il attache une grande importance au bien-\u00eatre de ses collaborateurs. Ayant investi dans leur sant\u00e9 et leur s\u00e9curit\u00e9, il dispose aujourd\u2019hui d\u2019une \u00e9quipe compl\u00e8te et fiable de professionnels qualifi\u00e9s. <\/p>\n\t\t\t\t\t\t\t\t\t\t\t<\/div>\n\t\t\t\t<\/div>\n\t\t\t<\/div>\n\t\t<\/section>\n<\/div>\n\n\n\n<div class=\"growl-component-content-with-visual\">\n\t\n<section class='growl-component-section growl-component-section--margin-150px '>\n\t\t\t\t<div class=\"growl-component-content-with-visual__wrapper growl-component-content-with-visual__wrapper--background \">\n\t\t\t\t<div class=\"growl-component-content-with-visual__photo\" style=\"background-image: url(https://cdn.edific.be/fr/https:\/\/cdn.edific.be\/wp-content\/uploads\/keuze-3.jpg)\"><\/div>\n\t\t\t\t<div class=\"growl-component-content-with-visual__content\">\n\t\t\t\t\t<div class=\"growl-component-content-with-visual__inside\">\n\t\t\t\t\t\t<h5 class=\"growl-component-content-with-visual__title\">Vous voulez savoir ce que nous pouvons faire pour vous ?<\/h5>\n\t\t\t\t\t\t<p class=\"growl-component-content-with-visual__description\">En tant que sous-traitant, nous pouvons vous aider \u00e0 mener \u00e0 bien chaque projet avec un souci constant de la qualit\u00e9. Nous affectons les bons ouvriers au bon chantier, et nous soulageons nos clients en prenant soin aussi de la coordination. De plus, nous int\u00e9grons vos outils et processus administratifs actuels \u00e0 notre service, vous gagnez donc un temps fou !<\/p>\n\t\t\t\t\t\t\t\t\t\t\t\t\t\n<a href='https:\/\/www.edific.be\/fr\/services\/' class='growl-component-button' role=\"button\">\n\t\t\tEn savoir plus ? \n\t<\/a>\n\t\t\t\t\t\t\t\t\t\t\t<\/div>\n\t\t\t\t<\/div>\n\t\t\t<\/div>\n\t\t<\/section>\n<\/div>\n","protected":false},"excerpt":{"rendered":"","protected":false},"author":3,"featured_media":0,"parent":0,"menu_order":0,"comment_status":"closed","ping_status":"closed","template":"","meta":{"_acf_changed":false,"_seopress_robots_primary_cat":"","_seopress_titles_title":"","_seopress_titles_desc":"","_seopress_robots_index":"","footnotes":""},"class_list":["post-309","page","type-page","status-publish","hentry"],"acf":[],"_links":{"self":[{"href":"https:\/\/www.edific.be\/fr\/wp-json\/wp\/v2\/pages\/309","targetHints":{"allow":["GET"]}}],"collection":[{"href":"https:\/\/www.edific.be\/fr\/wp-json\/wp\/v2\/pages"}],"about":[{"href":"https:\/\/www.edific.be\/fr\/wp-json\/wp\/v2\/types\/page"}],"author":[{"embeddable":true,"href":"https:\/\/www.edific.be\/fr\/wp-json\/wp\/v2\/users\/3"}],"replies":[{"embeddable":true,"href":"https:\/\/www.edific.be\/fr\/wp-json\/wp\/v2\/comments?post=309"}],"version-history":[{"count":15,"href":"https:\/\/www.edific.be\/fr\/wp-json\/wp\/v2\/pages\/309\/revisions"}],"predecessor-version":[{"id":491,"href":"https:\/\/www.edific.be\/fr\/wp-json\/wp\/v2\/pages\/309\/revisions\/491"}],"wp:attachment":[{"href":"https:\/\/www.edific.be\/fr\/wp-json\/wp\/v2\/media?parent=309"}],"curies":[{"name":"wp","href":"https:\/\/api.w.org\/{rel}","templated":true}]}}